{"id":2635,"date":"2018-06-13T16:44:18","date_gmt":"2018-06-13T16:44:18","guid":{"rendered":"https:\/\/goodwinds.ro\/?page_id=2635"},"modified":"2018-08-03T03:11:42","modified_gmt":"2018-08-03T03:11:42","slug":"nota-de-informare","status":"publish","type":"page","link":"https:\/\/goodwinds.ro\/index.php\/politica-gdpr\/nota-de-informare\/","title":{"rendered":"Nota de Informare"},"content":{"rendered":"<div class=\"wpb-content-wrapper\"><p>[vc_row][vc_column width=&#8221;3\/4&#8243;][vc_single_image image=&#8221;2630&#8243; img_size=&#8221;large&#8221; alignment=&#8221;center&#8221;][vc_column_text css=&#8221;.vc_custom_1533265899040{margin-top: 45px !important;margin-bottom: 30px !important;}&#8221;]<\/p>\n<h2 class=\"pagetitle\">Nota de Informare Privind Prelucrare Datelor cu Caracter Personal<\/h2>\n<p>Conform cerin\u0163elor Legii nr. 129\/15 Iunie 2018 pentru protec\u0163ia persoanelor cu privire la prelucrarea datelor cu caracter personal \u015fi libera circula\u0163ie a acestor date, modificat\u0103 \u015fi completat\u0103, \u015fi ale Legii nr. 506\/2004 privind prelucrarea datelor cu caracter personal \u015fi protec\u0163ia vie\u0163ii private, SC GOOD WINDS Marine Services\u00a0 SRL are obliga\u0163ia\u00a0 de a administra \u00een condi\u0163ii de siguran\u0163\u0103 \u015fi numai pentru scopurile specificate, datele\u00a0 personale pe care ni le furniza\u0163i despre dumneavoastr\u0103, un membru al familiei dumneavoastr\u0103 ori o alt\u0103 persoan\u0103.<\/p>\n<p>Colectarea datelor\u00a0 cu caracter personal sunt prelcurate in temeiul unor dispozitii legale care privesc identificarea elementor pe care trebuie sa le cuprinda contractul de angajare\/contract de ambarcare, precum si de alte norme adoptate de Autoritatate Navala Romana ori de alte acte normative aplicabile domeniului maritim si fluvial, Inspectoratul Teritorial de Munca, alte autoritati.<\/p>\n<p>Dumneavoastra alegeti daca doriti sa beneficiati de serviciile noastre, astfel ca de regula nu sunteti obligat sa va furnizati datele personale catre SC GOOD WINDS Marine Services SRL. Totusi, in masura in care ati optat pentru societatea noastra sau beneficiati in alt context de serviciile\/produsele noastre, furnizarea datelor cu caracter personal constituie o necesitate din perspectiva cerintelor legale si\/sau a relatiei juridice cu noi, deoarece aceste informatii sunt necesare pentru angajare,derularea contractului de angajare\/imbarcare la bordul navelor maritime si\/sau fluviale , iar \u00een lipsa detinerii de catre SC GOOD WINDS Marine Services SRL a acestor date nu vom putea promova, sustine sau finaliza angajarea dvoastra.<\/p>\n<p>Informa\u0163iile \u00eenregistrate sunt destinate utiliz\u0103rii de c\u0103tre operator \u015fi sunt comunicate numai urm\u0103torilor destinatari: persoana vizat\u0103, reprezentan\u0163ii legali ai persoanei vizate,\u00a0 Autoritate Navala Romana, , politie, clinici medicale autorizate pentru efectuarea vizitei medicale in vederea angajarii, ambasade, agentii de ticketing, organisme de certificare maritime, centre de perfectionare si training,Inspectoratul Teritorial de Munca. In cazul in care trebuie sa prelucram date cu caracter personal obtinute de la terti persoane juridice, ace\u0219tia din urma au obligatia de a va furniza informatiile necesare cu privire la utilizarea datelor cu caracter personal transmise.<\/p>\n<p>Conform Legii nr. 129\/15 Iunie 2018, beneficia\u0163i de dreptul de acces, de interven\u0163ie asupra datelor, dreptul de a nu fi supus unei decizii individuale \u015fi dreptul de a v\u0103 adresa justi\u0163iei. Totodat\u0103, ave\u0163i dreptul sa v\u0103 opune\u0163i prelucr\u0103rii datelor personale care v\u0103 privesc \u015fi s\u0103 solicita\u0163i \u015ftergerea datelor*. Pentru exercitarea acestor drepturi, v\u0103 pute\u0163i adresa cu o cerere scris\u0103, datat\u0103 \u015fi semnat\u0103 la sediul societatii SC GOOD WINDS Marine Services SRL sau prin email: <a href=\"mailto:dataprotection@goodwinds.ro\">dataprotection@goodwinds.ro<\/a><\/p>\n<p>De asemenea, v\u0103 este recunoscut dreptul de a v\u0103 adresa justi\u0163iei. Daca unele din datele despre dumneavoastr\u0103 sunt incorecte, v\u0103 rugam s\u0103 ne informa\u0163i c\u00e2t mai cur\u00e2nd posibil.<\/p>\n<p><strong><u>Observa<\/u><\/strong><strong><u>\u0163<\/u><\/strong><strong><u>ie:<\/u><\/strong><\/p>\n<p><strong><u>*orice persoan<\/u><\/strong><strong><u>\u0103<\/u><\/strong><strong><u> are dreptul de a se opune, pentru motive legitime, la prelucrarea <\/u><\/strong><strong><u>datelor ce o privesc. Acest drept de opozi<\/u><\/strong><strong><u>\u0163<\/u><\/strong><strong><u>ie poate fi exclus pentru anumite <\/u><\/strong><strong><u>prelucr<\/u><\/strong><strong><u>\u0103<\/u><\/strong><strong><u>ri prev<\/u><\/strong><strong><u>\u0103<\/u><\/strong><strong><u>zute de lege (de ex.: prelucr<\/u><\/strong><strong><u>\u0103<\/u><\/strong><strong><u>ri efectuate de serviciile financiare si <\/u><\/strong><strong><u>fiscale, de politie, justi<\/u><\/strong><strong><u>\u0163<\/u><\/strong><strong><u>ie, securitate social<\/u><\/strong><strong><u>\u0103<\/u><\/strong><strong><u>). Prin urmare, aceasta men<\/u><\/strong><strong><u>\u0163<\/u><\/strong><strong><u>iune nu <\/u><\/strong><strong><u>poate figura dac<\/u><\/strong><strong><u>\u0103<\/u><\/strong><strong><u> prelucrarea are un caracter obligatoriu;<\/u><\/strong><\/p>\n<p><strong><u>*orice persoan<\/u><\/strong><strong><u>\u0103<\/u><\/strong><strong><u> are, de asemenea, dreptul de a se opune, \u00een mod gratuit si f<\/u><\/strong><strong><u>\u0103<\/u><\/strong><strong><u>r<\/u><\/strong><strong><u>\u0103<\/u><\/strong><strong><u> nici <\/u><\/strong><strong><u>o justificare, la prelucrarea datelor sale personale \u00een scopuri de marketing direct<\/u><\/strong>.<\/p>\n<p>[\/vc_column_text][\/vc_column][vc_column width=&#8221;1\/4&#8243;][stm_sidebar sidebar=&#8221;311&#8243;][\/vc_column][\/vc_row][vc_row full_width=&#8221;stretch_row&#8221; el_class=&#8221;third_bg_color&#8221; css=&#8221;.vc_custom_1451889219674{margin-bottom: -60px !important;}&#8221;][vc_column][vc_cta h2=&#8221;Looking for a job onboard? \u2013 That\u2019s the best place to start.&#8221; h2_font_container=&#8221;font_size:20px|color:%23000000|line_height:24px&#8221; h2_use_theme_fonts=&#8221;yes&#8221; shape=&#8221;square&#8221; style=&#8221;flat&#8221; add_button=&#8221;right&#8221; btn_title=&#8221;Find a Job&#8221; btn_style=&#8221;flat&#8221; btn_color=&#8221;theme_style_2&#8243; btn_align=&#8221;right&#8221; btn_i_align=&#8221;right&#8221; btn_i_icon_fontawesome=&#8221;fa fa-chevron-right&#8221; use_custom_fonts_h2=&#8221;true&#8221; btn_button_block=&#8221;true&#8221; btn_add_icon=&#8221;true&#8221; el_class=&#8221;third_bg_color&#8221; css=&#8221;.vc_custom_1515776211789{margin-bottom: 0px !important;}&#8221; btn_link=&#8221;url:https%3A%2F%2Fgoodwinds.ro%2Findex.php%2Fopenings%2F|title:Find%20a%20Job|&#8221;][\/vc_cta][\/vc_column][\/vc_row]<\/p>\n<\/div>","protected":false},"excerpt":{"rendered":"<p>[vc_row][vc_column width=&#8221;3\/4&#8243;][vc_single_image image=&#8221;2630&#8243; img_size=&#8221;large&#8221; alignment=&#8221;center&#8221;][vc_column_text css=&#8221;.vc_custom_1533265899040{margin-top: 45px !important;margin-bottom: 30px !important;}&#8221;] Nota de Informare Privind Prelucrare Datelor cu Caracter Personal Conform cerin\u0163elor Legii nr. 129\/15 Iunie 2018 pentru protec\u0163ia persoanelor cu privire la prelucrarea datelor cu caracter personal \u015fi libera circula\u0163ie a acestor date, modificat\u0103 \u015fi completat\u0103, \u015fi ale Legii nr. 506\/2004 privind prelucrarea datelor cu<\/p>\n","protected":false},"author":4,"featured_media":0,"parent":2628,"menu_order":0,"comment_status":"closed","ping_status":"closed","template":"","meta":{"footnotes":""},"class_list":["post-2635","page","type-page","status-publish","hentry"],"_links":{"self":[{"href":"https:\/\/goodwinds.ro\/index.php\/wp-json\/wp\/v2\/pages\/2635","targetHints":{"allow":["GET"]}}],"collection":[{"href":"https:\/\/goodwinds.ro\/index.php\/wp-json\/wp\/v2\/pages"}],"about":[{"href":"https:\/\/goodwinds.ro\/index.php\/wp-json\/wp\/v2\/types\/page"}],"author":[{"embeddable":true,"href":"https:\/\/goodwinds.ro\/index.php\/wp-json\/wp\/v2\/users\/4"}],"replies":[{"embeddable":true,"href":"https:\/\/goodwinds.ro\/index.php\/wp-json\/wp\/v2\/comments?post=2635"}],"version-history":[{"count":2,"href":"https:\/\/goodwinds.ro\/index.php\/wp-json\/wp\/v2\/pages\/2635\/revisions"}],"predecessor-version":[{"id":2792,"href":"https:\/\/goodwinds.ro\/index.php\/wp-json\/wp\/v2\/pages\/2635\/revisions\/2792"}],"up":[{"embeddable":true,"href":"https:\/\/goodwinds.ro\/index.php\/wp-json\/wp\/v2\/pages\/2628"}],"wp:attachment":[{"href":"https:\/\/goodwinds.ro\/index.php\/wp-json\/wp\/v2\/media?parent=2635"}],"curies":[{"name":"wp","href":"https:\/\/api.w.org\/{rel}","templated":true}]}}